{"id":4935,"date":"2023-04-06T14:55:03","date_gmt":"2023-04-06T11:55:03","guid":{"rendered":"https:\/\/www.qvadrat.fi\/?page_id=4935"},"modified":"2023-04-06T15:09:24","modified_gmt":"2023-04-06T12:09:24","slug":"ilmainen-arviokaynti","status":"publish","type":"page","link":"https:\/\/www.qvadrat.fi\/svenska\/ilmainen-arviokaynti\/","title":{"rendered":"Tilaa ilmainen arviok\u00e4ynti"},"content":{"rendered":"\t\t<div data-elementor-type=\"wp-page\" data-elementor-id=\"4935\" class=\"elementor elementor-4935\" data-elementor-post-type=\"page\">\n\t\t\t\t\t\t<section class=\"elementor-section elementor-top-section elementor-element elementor-element-4111f310 elementor-section-items-stretch elementor-section-height-full elementor-section-boxed elementor-section-height-default\" data-id=\"4111f310\" data-element_type=\"section\" data-e-type=\"section\" data-settings=\"{&quot;background_background&quot;:&quot;classic&quot;,&quot;background_motion_fx_motion_fx_scrolling&quot;:&quot;yes&quot;,&quot;background_motion_fx_translateY_effect&quot;:&quot;yes&quot;,&quot;background_motion_fx_translateY_speed&quot;:{&quot;unit&quot;:&quot;px&quot;,&quot;size&quot;:4,&quot;sizes&quot;:[]},&quot;background_motion_fx_translateY_affectedRange&quot;:{&quot;unit&quot;:&quot;%&quot;,&quot;size&quot;:&quot;&quot;,&quot;sizes&quot;:{&quot;start&quot;:0,&quot;end&quot;:100}},&quot;background_motion_fx_devices&quot;:[&quot;desktop&quot;,&quot;laptop&quot;,&quot;tablet_extra&quot;,&quot;tablet&quot;,&quot;mobile&quot;]}\">\n\t\t\t\t\t\t\t<div class=\"elementor-background-overlay\"><\/div>\n\t\t\t\t\t\t\t<div class=\"elementor-container elementor-column-gap-default\">\n\t\t\t\t\t<div class=\"elementor-column elementor-col-100 elementor-top-column elementor-element elementor-element-456c4f0f\" data-id=\"456c4f0f\" data-element_type=\"column\" data-e-type=\"column\" data-settings=\"{&quot;background_background&quot;:&quot;classic&quot;}\">\n\t\t\t<div class=\"elementor-widget-wrap elementor-element-populated\">\n\t\t\t\t\t\t<div class=\"elementor-element elementor-element-38102a79 elementor-widget elementor-widget-heading\" data-id=\"38102a79\" data-element_type=\"widget\" data-e-type=\"widget\" data-widget_type=\"heading.default\">\n\t\t\t\t<div class=\"elementor-widget-container\">\n\t\t\t\t\t<h1 class=\"elementor-heading-title elementor-size-default\">Tilaa ilmainen arviok\u00e4ynti<\/h1>\t\t\t\t<\/div>\n\t\t\t\t<\/div>\n\t\t\t\t<div class=\"elementor-element elementor-element-cc21d36 elementor-button-align-center elementor-widget elementor-widget-global elementor-global-5031 elementor-widget-form\" data-id=\"cc21d36\" data-element_type=\"widget\" data-e-type=\"widget\" data-settings=\"{&quot;step_next_label&quot;:&quot;Seuraava&quot;,&quot;step_previous_label&quot;:&quot;Edellinen&quot;,&quot;step_type&quot;:&quot;number&quot;,&quot;step_icon_shape&quot;:&quot;rounded&quot;,&quot;button_width&quot;:&quot;100&quot;}\" data-widget_type=\"form.default\">\n\t\t\t\t<div class=\"elementor-widget-container\">\n\t\t\t\t\t\t\t<form class=\"elementor-form\" method=\"post\" name=\"New Form\" aria-label=\"New Form\">\n\t\t\t<input type=\"hidden\" name=\"post_id\" value=\"4935\"\/>\n\t\t\t<input type=\"hidden\" name=\"form_id\" value=\"cc21d36\"\/>\n\t\t\t<input type=\"hidden\" name=\"referer_title\" value=\"Qvadrat LKV\" \/>\n\n\t\t\t\n\t\t\t<div class=\"elementor-form-fields-wrapper elementor-labels-above\">\n\t\t\t\t\t\t\t\t<div class=\"elementor-field-type-step elementor-field-group elementor-column elementor-field-group-field_b8283f0 elementor-col-100\">\n\t\t\t\t\t\t\t<div class=\"e-field-step elementor-hidden\" data-label=\"\" data-previousButton=\"\" data-nextButton=\"\" data-iconUrl=\"\" data-iconLibrary=\"icons icons-home-house-streamline\" data-icon=\"&lt;i class=&quot;icons icons-home-house-streamline&quot;&gt;&lt;\/i&gt;\" ><\/div>\n\n\t\t\t\t\t\t<\/div>\n\t\t\t\t\t\t\t\t<div class=\"elementor-field-type-text\">\n\t\t\t\t\t<input size=\"1\" type=\"text\" name=\"form_fields[name]\" id=\"form-field-name\" class=\"elementor-field elementor-size-md \" style=\"display:none !important;\">\t\t\t\t<\/div>\n\t\t\t\t\t\t\t\t<div class=\"elementor-field-type-text elementor-field-group elementor-column elementor-field-group-field_f6b166f elementor-col-100 elementor-field-required\">\n\t\t\t\t\t\t\t\t\t\t\t\t<label for=\"form-field-field_f6b166f\" class=\"elementor-field-label\">\n\t\t\t\t\t\t\t\tOsoite\t\t\t\t\t\t\t<\/label>\n\t\t\t\t\t\t\t\t\t\t\t\t\t\t<input size=\"1\" type=\"text\" name=\"form_fields[field_f6b166f]\" id=\"form-field-field_f6b166f\" class=\"elementor-field elementor-size-md  elementor-field-textual\" placeholder=\"Pietarinkatu 20 A 1, 00140 Helsinki\" required=\"required\">\n\t\t\t\t\t\t\t\t\t\t\t<\/div>\n\t\t\t\t\t\t\t\t<div class=\"elementor-field-type-step elementor-field-group elementor-column elementor-field-group-field_ce802f2 elementor-col-100\">\n\t\t\t\t\t\t\t<div class=\"e-field-step elementor-hidden\" data-label=\"\" data-previousButton=\"\" data-nextButton=\"\" data-iconUrl=\"\" data-iconLibrary=\"icons icons-edit-modify-streamline\" data-icon=\"&lt;i class=&quot;icons icons-edit-modify-streamline&quot;&gt;&lt;\/i&gt;\" ><\/div>\n\n\t\t\t\t\t\t<\/div>\n\t\t\t\t\t\t\t\t<div class=\"elementor-field-type-text elementor-field-group elementor-column elementor-field-group-field_88c54f8 elementor-col-100 elementor-field-required\">\n\t\t\t\t\t\t\t\t\t\t\t\t<label for=\"form-field-field_88c54f8\" class=\"elementor-field-label\">\n\t\t\t\t\t\t\t\tNimi\t\t\t\t\t\t\t<\/label>\n\t\t\t\t\t\t\t\t\t\t\t\t\t\t<input size=\"1\" type=\"text\" name=\"form_fields[field_88c54f8]\" id=\"form-field-field_88c54f8\" class=\"elementor-field elementor-size-md  elementor-field-textual\" placeholder=\"Maija Meik\u00e4l\u00e4inen\" required=\"required\">\n\t\t\t\t\t\t\t\t\t\t\t<\/div>\n\t\t\t\t\t\t\t\t<div class=\"elementor-field-type-email elementor-field-group elementor-column elementor-field-group-email elementor-col-50 elementor-field-required\">\n\t\t\t\t\t\t\t\t\t\t\t\t<label for=\"form-field-email\" class=\"elementor-field-label\">\n\t\t\t\t\t\t\t\tS\u00e4hk\u00f6posti\t\t\t\t\t\t\t<\/label>\n\t\t\t\t\t\t\t\t\t\t\t\t\t\t<input size=\"1\" type=\"email\" name=\"form_fields[email]\" id=\"form-field-email\" class=\"elementor-field elementor-size-md  elementor-field-textual\" placeholder=\"qvadrat@qvadrat.fi\" required=\"required\">\n\t\t\t\t\t\t\t\t\t\t\t<\/div>\n\t\t\t\t\t\t\t\t<div class=\"elementor-field-type-text elementor-field-group elementor-column elementor-field-group-message elementor-col-50\">\n\t\t\t\t\t\t\t\t\t\t\t\t<label for=\"form-field-message\" class=\"elementor-field-label\">\n\t\t\t\t\t\t\t\tPuhelin\t\t\t\t\t\t\t<\/label>\n\t\t\t\t\t\t\t\t\t\t\t\t\t\t<input size=\"1\" type=\"text\" name=\"form_fields[message]\" id=\"form-field-message\" class=\"elementor-field elementor-size-md  elementor-field-textual\" placeholder=\"+358400245004\">\n\t\t\t\t\t\t\t\t\t\t\t<\/div>\n\t\t\t\t\t\t\t\t<div class=\"elementor-field-type-step elementor-field-group elementor-column elementor-field-group-field_2d98e4d elementor-col-100\">\n\t\t\t\t\t\t\t<div class=\"e-field-step elementor-hidden\" data-label=\"\" data-previousButton=\"\" data-nextButton=\"\" data-iconUrl=\"\" data-iconLibrary=\"fas fa-star\" data-icon=\"&lt;svg class=&quot;e-font-icon-svg e-fas-star&quot; viewBox=&quot;0 0 576 512&quot; xmlns=&quot;http:\/\/www.w3.org\/2000\/svg&quot;&gt;&lt;path d=&quot;M259.3 17.8L194 150.2 47.9 171.5c-26.2 3.8-36.7 36.1-17.7 54.6l105.7 103-25 145.5c-4.5 26.3 23.2 46 46.4 33.7L288 439.6l130.7 68.7c23.2 12.2 50.9-7.4 46.4-33.7l-25-145.5 105.7-103c19-18.5 8.5-50.8-17.7-54.6L382 150.2 316.7 17.8c-11.7-23.6-45.6-23.9-57.4 0z&quot;&gt;&lt;\/path&gt;&lt;\/svg&gt;\" ><\/div>\n\n\t\t\t\t\t\t<\/div>\n\t\t\t\t\t\t\t\t<div class=\"elementor-field-type-select elementor-field-group elementor-column elementor-field-group-field_eaf60b1 elementor-col-100\">\n\t\t\t\t\t\t\t\t\t\t\t\t<label for=\"form-field-field_eaf60b1\" class=\"elementor-field-label\">\n\t\t\t\t\t\t\t\tOlen...\t\t\t\t\t\t\t<\/label>\n\t\t\t\t\t\t\t\t<div class=\"elementor-field elementor-select-wrapper remove-before \">\n\t\t\t<div class=\"select-caret-down-wrapper\">\n\t\t\t\t<svg aria-hidden=\"true\" class=\"e-font-icon-svg e-eicon-caret-down\" viewBox=\"0 0 571.4 571.4\" xmlns=\"http:\/\/www.w3.org\/2000\/svg\"><path d=\"M571 393Q571 407 561 418L311 668Q300 679 286 679T261 668L11 418Q0 407 0 393T11 368 36 357H536Q550 357 561 368T571 393Z\"><\/path><\/svg>\t\t\t<\/div>\n\t\t\t<select name=\"form_fields[field_eaf60b1]\" id=\"form-field-field_eaf60b1\" class=\"elementor-field-textual elementor-size-md\">\n\t\t\t\t\t\t\t\t\t<option value=\"Olen myym\u00e4ss\u00e4 asuntoani\">Olen myym\u00e4ss\u00e4 asuntoani<\/option>\n\t\t\t\t\t\t\t\t\t<option value=\"Olen myym\u00e4ss\u00e4 ensiasuntoani\">Olen myym\u00e4ss\u00e4 ensiasuntoani<\/option>\n\t\t\t\t\t\t\t\t\t<option value=\"Olen tutkimassa asuntomarkkinaa\">Olen tutkimassa asuntomarkkinaa<\/option>\n\t\t\t\t\t\t\t\t\t<option value=\"Ota yhteytt\u00e4 ja tiedustele tarpeistani\">Ota yhteytt\u00e4 ja tiedustele tarpeistani<\/option>\n\t\t\t\t\t\t\t<\/select>\n\t\t<\/div>\n\t\t\t\t\t\t<\/div>\n\t\t\t\t\t\t\t\t<div class=\"elementor-field-group elementor-column elementor-field-type-submit elementor-col-100 e-form__buttons\">\n\t\t\t\t\t<button class=\"elementor-button elementor-size-md\" type=\"submit\">\n\t\t\t\t\t\t<span class=\"elementor-button-content-wrapper\">\n\t\t\t\t\t\t\t\t\t\t\t\t\t\t\t<span class=\"elementor-button-icon\">\n\t\t\t\t\t\t\t\t\t<svg aria-hidden=\"true\" class=\"e-font-icon-svg e-far-paper-plane\" viewBox=\"0 0 512 512\" xmlns=\"http:\/\/www.w3.org\/2000\/svg\"><path d=\"M440 6.5L24 246.4c-34.4 19.9-31.1 70.8 5.7 85.9L144 379.6V464c0 46.4 59.2 65.5 86.6 28.6l43.8-59.1 111.9 46.2c5.9 2.4 12.1 3.6 18.3 3.6 8.2 0 16.3-2.1 23.6-6.2 12.8-7.2 21.6-20 23.9-34.5l59.4-387.2c6.1-40.1-36.9-68.8-71.5-48.9zM192 464v-64.6l36.6 15.1L192 464zm212.6-28.7l-153.8-63.5L391 169.5c10.7-15.5-9.5-33.5-23.7-21.2L155.8 332.6 48 288 464 48l-59.4 387.3z\"><\/path><\/svg>\t\t\t\t\t\t\t\t\t\t\t\t\t\t\t\t\t<\/span>\n\t\t\t\t\t\t\t\t\t\t\t\t\t\t\t\t\t\t\t\t\t\t<span class=\"elementor-button-text\">L\u00e4het\u00e4<\/span>\n\t\t\t\t\t\t\t\t\t\t\t\t\t<\/span>\n\t\t\t\t\t<\/button>\n\t\t\t\t<\/div>\n\t\t\t<\/div>\n\t\t<\/form>\n\t\t\t\t\t\t<\/div>\n\t\t\t\t<\/div>\n\t\t\t\t<div class=\"elementor-element elementor-element-23afeea4 elementor-widget-divider--view-line elementor-widget elementor-widget-divider\" data-id=\"23afeea4\" data-element_type=\"widget\" data-e-type=\"widget\" data-widget_type=\"divider.default\">\n\t\t\t\t<div class=\"elementor-widget-container\">\n\t\t\t\t\t\t\t<div class=\"elementor-divider\">\n\t\t\t<span class=\"elementor-divider-separator\">\n\t\t\t\t\t\t<\/span>\n\t\t<\/div>\n\t\t\t\t\t\t<\/div>\n\t\t\t\t<\/div>\n\t\t\t\t<div class=\"elementor-element elementor-element-72477a00 elementor-widget elementor-widget-text-editor\" data-id=\"72477a00\" data-element_type=\"widget\" data-e-type=\"widget\" data-widget_type=\"text-editor.default\">\n\t\t\t\t<div class=\"elementor-widget-container\">\n\t\t\t\t\t\t\t\t\t<p>Mit\u00e4 tapahtuu kun l\u00e4het\u00e4n arviok\u00e4yntipyynn\u00f6n?<\/p><ul><li>Olemme yhteydess\u00e4 sinuun\u00a0 sopiaksemme sopivan ajan arviok\u00e4ynnille<\/li><li>Teemme tarvittavan taustaty\u00f6n arviointia varten<\/li><li>K\u00e4ymme arviok\u00e4ynnill\u00e4 joka kest\u00e4\u00e4 noin 30 minuuttia<\/li><li>Toimitamme arvion asunnostasi sinulle<\/li><\/ul>\t\t\t\t\t\t\t\t<\/div>\n\t\t\t\t<\/div>\n\t\t\t\t<div class=\"elementor-element elementor-element-4d799db elementor-align-center elementor-tablet-align-center elementor-mobile-align-center elementor-widget elementor-widget-button\" data-id=\"4d799db\" data-element_type=\"widget\" data-e-type=\"widget\" data-widget_type=\"button.default\">\n\t\t\t\t<div class=\"elementor-widget-container\">\n\t\t\t\t\t\t\t\t\t<div class=\"elementor-button-wrapper\">\n\t\t\t\t\t<a class=\"elementor-button elementor-button-link elementor-size-md\" href=\"https:\/\/www.qvadrat.fi\/miten-asunto-tai-kiinteisto-arvioidaan\/\" id=\"varaa-maksuton-arviok\u00e4ynti\">\n\t\t\t\t\t\t<span class=\"elementor-button-content-wrapper\">\n\t\t\t\t\t\t\t\t\t<span class=\"elementor-button-text\">MITEN ASUNTONI ARVIOIDAAN?<\/span>\n\t\t\t\t\t<\/span>\n\t\t\t\t\t<\/a>\n\t\t\t\t<\/div>\n\t\t\t\t\t\t\t\t<\/div>\n\t\t\t\t<\/div>\n\t\t\t\t\t<\/div>\n\t\t<\/div>\n\t\t\t\t\t<\/div>\n\t\t<\/section>\n\t\t\t\t<\/div>\n\t\t","protected":false},"excerpt":{"rendered":"<p>Tilaa ilmainen arviok\u00e4ynti Mit\u00e4 tapahtuu kun l\u00e4het\u00e4n arviok\u00e4yntipyynn\u00f6n? Olemme yhteydess\u00e4 sinuun\u00a0 sopiaksemme sopivan ajan arviok\u00e4ynnille Teemme tarvittavan taustaty\u00f6n arviointia varten K\u00e4ymme arviok\u00e4ynnill\u00e4 joka kest\u00e4\u00e4 noin 30 minuuttia Toimitamme arvion asunnostasi sinulle MITEN ASUNTONI ARVIOIDAAN?<\/p>","protected":false},"author":4,"featured_media":0,"parent":0,"menu_order":0,"comment_status":"closed","ping_status":"closed","template":"","meta":{"footnotes":""},"class_list":["post-4935","page","type-page","status-publish","hentry"],"yoast_head":"<!-- This site is optimized with the Yoast SEO plugin v27.5 - https:\/\/yoast.com\/product\/yoast-seo-wordpress\/ -->\n<title>Tilaa ilmainen arviok\u00e4ynti - Qvadrat LKV<\/title>\n<meta name=\"description\" content=\"Qvadrat LKV tarjoaa asunnon myyntiin palvelukonseptin, joka nostaa kotisi arvoa, nopeuttaa myynti\u00e4 ja tuottaa parhaan mahdollisen hinnan.\" \/>\n<meta name=\"robots\" content=\"index, follow, max-snippet:-1, max-image-preview:large, max-video-preview:-1\" \/>\n<link rel=\"canonical\" href=\"https:\/\/www.qvadrat.fi\/svenska\/ilmainen-arviokaynti\/\" \/>\n<meta property=\"og:locale\" content=\"sv_SE\" \/>\n<meta property=\"og:type\" content=\"article\" \/>\n<meta property=\"og:title\" content=\"Tilaa ilmainen arviok\u00e4ynti - Qvadrat LKV\" \/>\n<meta property=\"og:description\" content=\"Qvadrat LKV tarjoaa asunnon myyntiin palvelukonseptin, joka nostaa kotisi arvoa, nopeuttaa myynti\u00e4 ja tuottaa parhaan mahdollisen hinnan.\" \/>\n<meta property=\"og:url\" content=\"https:\/\/www.qvadrat.fi\/svenska\/ilmainen-arviokaynti\/\" \/>\n<meta property=\"og:site_name\" content=\"Qvadrat LKV\" \/>\n<meta property=\"article:publisher\" content=\"https:\/\/www.facebook.com\/qvadratlkv\" \/>\n<meta property=\"article:modified_time\" content=\"2023-04-06T12:09:24+00:00\" \/>\n<meta property=\"og:image\" content=\"https:\/\/www.qvadrat.fi\/wp-content\/uploads\/2022\/02\/some_logo_beige.jpg\" \/>\n\t<meta property=\"og:image:width\" content=\"1080\" \/>\n\t<meta property=\"og:image:height\" content=\"1080\" \/>\n\t<meta property=\"og:image:type\" content=\"image\/jpeg\" \/>\n<meta name=\"twitter:card\" content=\"summary_large_image\" \/>\n<meta name=\"twitter:label1\" content=\"Ber\u00e4knad l\u00e4stid\" \/>\n\t<meta name=\"twitter:data1\" content=\"1 minut\" \/>\n<script type=\"application\/ld+json\" class=\"yoast-schema-graph\">{\"@context\":\"https:\\\/\\\/schema.org\",\"@graph\":[{\"@type\":\"WebPage\",\"@id\":\"https:\\\/\\\/www.qvadrat.fi\\\/ilmainen-arviokaynti\\\/\",\"url\":\"https:\\\/\\\/www.qvadrat.fi\\\/ilmainen-arviokaynti\\\/\",\"name\":\"Tilaa ilmainen arviok\u00e4ynti - Qvadrat LKV\",\"isPartOf\":{\"@id\":\"https:\\\/\\\/www.qvadrat.fi\\\/#website\"},\"datePublished\":\"2023-04-06T11:55:03+00:00\",\"dateModified\":\"2023-04-06T12:09:24+00:00\",\"description\":\"Qvadrat LKV tarjoaa asunnon myyntiin palvelukonseptin, joka nostaa kotisi arvoa, nopeuttaa myynti\u00e4 ja tuottaa parhaan mahdollisen hinnan.\",\"breadcrumb\":{\"@id\":\"https:\\\/\\\/www.qvadrat.fi\\\/ilmainen-arviokaynti\\\/#breadcrumb\"},\"inLanguage\":\"sv-SE\",\"potentialAction\":[{\"@type\":\"ReadAction\",\"target\":[\"https:\\\/\\\/www.qvadrat.fi\\\/ilmainen-arviokaynti\\\/\"]}]},{\"@type\":\"BreadcrumbList\",\"@id\":\"https:\\\/\\\/www.qvadrat.fi\\\/ilmainen-arviokaynti\\\/#breadcrumb\",\"itemListElement\":[{\"@type\":\"ListItem\",\"position\":1,\"name\":\"Etusivu\",\"item\":\"https:\\\/\\\/www.qvadrat.fi\\\/\"},{\"@type\":\"ListItem\",\"position\":2,\"name\":\"Tilaa ilmainen arviok\u00e4ynti\"}]},{\"@type\":\"WebSite\",\"@id\":\"https:\\\/\\\/www.qvadrat.fi\\\/#website\",\"url\":\"https:\\\/\\\/www.qvadrat.fi\\\/\",\"name\":\"Qvadrat LKV\",\"description\":\"\",\"publisher\":{\"@id\":\"https:\\\/\\\/www.qvadrat.fi\\\/#organization\"},\"potentialAction\":[{\"@type\":\"SearchAction\",\"target\":{\"@type\":\"EntryPoint\",\"urlTemplate\":\"https:\\\/\\\/www.qvadrat.fi\\\/?s={search_term_string}\"},\"query-input\":{\"@type\":\"PropertyValueSpecification\",\"valueRequired\":true,\"valueName\":\"search_term_string\"}}],\"inLanguage\":\"sv-SE\"},{\"@type\":\"Organization\",\"@id\":\"https:\\\/\\\/www.qvadrat.fi\\\/#organization\",\"name\":\"Qvadrat LKV\",\"url\":\"https:\\\/\\\/www.qvadrat.fi\\\/\",\"logo\":{\"@type\":\"ImageObject\",\"inLanguage\":\"sv-SE\",\"@id\":\"https:\\\/\\\/www.qvadrat.fi\\\/#\\\/schema\\\/logo\\\/image\\\/\",\"url\":\"https:\\\/\\\/www.qvadrat.fi\\\/wp-content\\\/uploads\\\/2021\\\/10\\\/Qvadrat_Logo_Beige-e1634039562152.jpeg\",\"contentUrl\":\"https:\\\/\\\/www.qvadrat.fi\\\/wp-content\\\/uploads\\\/2021\\\/10\\\/Qvadrat_Logo_Beige-e1634039562152.jpeg\",\"width\":1000,\"height\":695,\"caption\":\"Qvadrat LKV\"},\"image\":{\"@id\":\"https:\\\/\\\/www.qvadrat.fi\\\/#\\\/schema\\\/logo\\\/image\\\/\"},\"sameAs\":[\"https:\\\/\\\/www.facebook.com\\\/qvadratlkv\",\"https:\\\/\\\/www.instagram.com\\\/qvadratlkv\\\/\",\"https:\\\/\\\/www.linkedin.com\\\/company\\\/oy-qvadrat-m2-lkv-ab\\\/about\\\/\"]}]}<\/script>\n<!-- \/ Yoast SEO plugin. -->","yoast_head_json":{"title":"Tilaa ilmainen arviok\u00e4ynti - Qvadrat LKV","description":"Qvadrat LKV tarjoaa asunnon myyntiin palvelukonseptin, joka nostaa kotisi arvoa, nopeuttaa myynti\u00e4 ja tuottaa parhaan mahdollisen hinnan.","robots":{"index":"index","follow":"follow","max-snippet":"max-snippet:-1","max-image-preview":"max-image-preview:large","max-video-preview":"max-video-preview:-1"},"canonical":"https:\/\/www.qvadrat.fi\/svenska\/ilmainen-arviokaynti\/","og_locale":"sv_SE","og_type":"article","og_title":"Tilaa ilmainen arviok\u00e4ynti - Qvadrat LKV","og_description":"Qvadrat LKV tarjoaa asunnon myyntiin palvelukonseptin, joka nostaa kotisi arvoa, nopeuttaa myynti\u00e4 ja tuottaa parhaan mahdollisen hinnan.","og_url":"https:\/\/www.qvadrat.fi\/svenska\/ilmainen-arviokaynti\/","og_site_name":"Qvadrat LKV","article_publisher":"https:\/\/www.facebook.com\/qvadratlkv","article_modified_time":"2023-04-06T12:09:24+00:00","og_image":[{"width":1080,"height":1080,"url":"https:\/\/www.qvadrat.fi\/wp-content\/uploads\/2022\/02\/some_logo_beige.jpg","type":"image\/jpeg"}],"twitter_card":"summary_large_image","twitter_misc":{"Ber\u00e4knad l\u00e4stid":"1 minut"},"schema":{"@context":"https:\/\/schema.org","@graph":[{"@type":"WebPage","@id":"https:\/\/www.qvadrat.fi\/ilmainen-arviokaynti\/","url":"https:\/\/www.qvadrat.fi\/ilmainen-arviokaynti\/","name":"Tilaa ilmainen arviok\u00e4ynti - Qvadrat LKV","isPartOf":{"@id":"https:\/\/www.qvadrat.fi\/#website"},"datePublished":"2023-04-06T11:55:03+00:00","dateModified":"2023-04-06T12:09:24+00:00","description":"Qvadrat LKV tarjoaa asunnon myyntiin palvelukonseptin, joka nostaa kotisi arvoa, nopeuttaa myynti\u00e4 ja tuottaa parhaan mahdollisen hinnan.","breadcrumb":{"@id":"https:\/\/www.qvadrat.fi\/ilmainen-arviokaynti\/#breadcrumb"},"inLanguage":"sv-SE","potentialAction":[{"@type":"ReadAction","target":["https:\/\/www.qvadrat.fi\/ilmainen-arviokaynti\/"]}]},{"@type":"BreadcrumbList","@id":"https:\/\/www.qvadrat.fi\/ilmainen-arviokaynti\/#breadcrumb","itemListElement":[{"@type":"ListItem","position":1,"name":"Etusivu","item":"https:\/\/www.qvadrat.fi\/"},{"@type":"ListItem","position":2,"name":"Tilaa ilmainen arviok\u00e4ynti"}]},{"@type":"WebSite","@id":"https:\/\/www.qvadrat.fi\/#website","url":"https:\/\/www.qvadrat.fi\/","name":"Qvadrat LKV","description":"","publisher":{"@id":"https:\/\/www.qvadrat.fi\/#organization"},"potentialAction":[{"@type":"SearchAction","target":{"@type":"EntryPoint","urlTemplate":"https:\/\/www.qvadrat.fi\/?s={search_term_string}"},"query-input":{"@type":"PropertyValueSpecification","valueRequired":true,"valueName":"search_term_string"}}],"inLanguage":"sv-SE"},{"@type":"Organization","@id":"https:\/\/www.qvadrat.fi\/#organization","name":"Qvadrat LKV","url":"https:\/\/www.qvadrat.fi\/","logo":{"@type":"ImageObject","inLanguage":"sv-SE","@id":"https:\/\/www.qvadrat.fi\/#\/schema\/logo\/image\/","url":"https:\/\/www.qvadrat.fi\/wp-content\/uploads\/2021\/10\/Qvadrat_Logo_Beige-e1634039562152.jpeg","contentUrl":"https:\/\/www.qvadrat.fi\/wp-content\/uploads\/2021\/10\/Qvadrat_Logo_Beige-e1634039562152.jpeg","width":1000,"height":695,"caption":"Qvadrat LKV"},"image":{"@id":"https:\/\/www.qvadrat.fi\/#\/schema\/logo\/image\/"},"sameAs":["https:\/\/www.facebook.com\/qvadratlkv","https:\/\/www.instagram.com\/qvadratlkv\/","https:\/\/www.linkedin.com\/company\/oy-qvadrat-m2-lkv-ab\/about\/"]}]}},"_links":{"self":[{"href":"https:\/\/www.qvadrat.fi\/svenska\/wp-json\/wp\/v2\/pages\/4935","targetHints":{"allow":["GET"]}}],"collection":[{"href":"https:\/\/www.qvadrat.fi\/svenska\/wp-json\/wp\/v2\/pages"}],"about":[{"href":"https:\/\/www.qvadrat.fi\/svenska\/wp-json\/wp\/v2\/types\/page"}],"author":[{"embeddable":true,"href":"https:\/\/www.qvadrat.fi\/svenska\/wp-json\/wp\/v2\/users\/4"}],"replies":[{"embeddable":true,"href":"https:\/\/www.qvadrat.fi\/svenska\/wp-json\/wp\/v2\/comments?post=4935"}],"version-history":[{"count":87,"href":"https:\/\/www.qvadrat.fi\/svenska\/wp-json\/wp\/v2\/pages\/4935\/revisions"}],"predecessor-version":[{"id":5043,"href":"https:\/\/www.qvadrat.fi\/svenska\/wp-json\/wp\/v2\/pages\/4935\/revisions\/5043"}],"wp:attachment":[{"href":"https:\/\/www.qvadrat.fi\/svenska\/wp-json\/wp\/v2\/media?parent=4935"}],"curies":[{"name":"wp","href":"https:\/\/api.w.org\/{rel}","templated":true}]}}